{"id":3254,"date":"2022-05-03T02:46:26","date_gmt":"2022-05-03T02:46:26","guid":{"rendered":"https:\/\/themes.estudiopatagon.com\/wordpress\/groovy\/?page_id=670"},"modified":"2025-07-19T10:02:45","modified_gmt":"2025-07-19T09:02:45","slug":"iptv-mag-devices","status":"publish","type":"page","link":"https:\/\/www.airysat.com\/actualites\/iptv-mag-devices\/","title":{"rendered":"Le tutoriel complet pour profiter de l\u2019IPTV sur tous vos appareils"},"content":{"rendered":"<p>TV, Android, iPhone, PC ou Smart TV \u2013 suivez notre guide \u00e9tape par \u00e9tape pour installer et configurer votre abonnement IPTV sans prise de t\u00eate.<\/p>\n<div class=\"sharelinks\" style=\"\">\n\t<a title=\"Le tutoriel complet pour profiter de l\u2019IPTV sur tous vos appareils\" rel=\"nofollow\" target=\"_blank\" href=\"http:\/\/www.facebook.com\/sharer.php?u=https:\/\/www.airysat.com\/actualites\/iptv-mag-devices\/\"><img loading=\"lazy\" decoding=\"async\" width=\"56\" height=\"20\" alt=\"facebook\" src=\"https:\/\/www.airysat.com\/actualites\/wp-content\/plugins\/facebook-google-twitter-share\/images\/facebook.png\"><\/a>\n\t<a title=\"Le tutoriel complet pour profiter de l\u2019IPTV sur tous vos appareils\" rel=\"nofollow\" target=\"_blank\" href=\"https:\/\/plus.google.com\/share?url=https:\/\/www.airysat.com\/actualites\/iptv-mag-devices\/\"><img loading=\"lazy\" decoding=\"async\" width=\"60\" height=\"20\" alt=\"google plus\" src=\"https:\/\/www.airysat.com\/actualites\/wp-content\/plugins\/facebook-google-twitter-share\/images\/googleplus.png\"><\/a>\n\t<a title=\"Le tutoriel complet pour profiter de l\u2019IPTV sur tous vos appareils\" Nagar\" rel=\"nofollow\" target=\"_blank\" href=\"http:\/\/twitter.com\/home?status=Le tutoriel complet pour profiter de l\u2019IPTV sur tous vos appareils https:\/\/www.airysat.com\/actualites\/iptv-mag-devices\/\"><img loading=\"lazy\" decoding=\"async\" width=\"70\" height=\"20\" alt=\"twitter\" src=\"https:\/\/www.airysat.com\/actualites\/wp-content\/plugins\/facebook-google-twitter-share\/images\/twitter.png\"><\/a>\n\t<\/div>","protected":false},"excerpt":{"rendered":"<p>TV, Android, iPhone, PC ou Smart TV \u2013 suivez notre guide \u00e9tape par \u00e9tape pour installer et configurer votre abonnement IPTV sans prise de t\u00eate.<\/p>\n","protected":false},"author":1,"featured_media":0,"parent":0,"menu_order":0,"comment_status":"closed","ping_status":"closed","template":"page-templates\/home.php","meta":{"footnotes":""},"class_list":["post-3254","page","type-page","status-publish","hentry"],"_links":{"self":[{"href":"https:\/\/www.airysat.com\/actualites\/wp-json\/wp\/v2\/pages\/3254"}],"collection":[{"href":"https:\/\/www.airysat.com\/actualites\/wp-json\/wp\/v2\/pages"}],"about":[{"href":"https:\/\/www.airysat.com\/actualites\/wp-json\/wp\/v2\/types\/page"}],"author":[{"embeddable":true,"href":"https:\/\/www.airysat.com\/actualites\/wp-json\/wp\/v2\/users\/1"}],"replies":[{"embeddable":true,"href":"https:\/\/www.airysat.com\/actualites\/wp-json\/wp\/v2\/comments?post=3254"}],"version-history":[{"count":1,"href":"https:\/\/www.airysat.com\/actualites\/wp-json\/wp\/v2\/pages\/3254\/revisions"}],"predecessor-version":[{"id":3526,"href":"https:\/\/www.airysat.com\/actualites\/wp-json\/wp\/v2\/pages\/3254\/revisions\/3526"}],"wp:attachment":[{"href":"https:\/\/www.airysat.com\/actualites\/wp-json\/wp\/v2\/media?parent=3254"}],"curies":[{"name":"wp","href":"https:\/\/api.w.org\/{rel}","templated":true}]}}