{"id":3512,"date":"2025-02-08T10:06:41","date_gmt":"2025-02-08T09:06:41","guid":{"rendered":"https:\/\/www.airysat.com\/blog\/?post_type=product&#038;p=3512"},"modified":"2025-02-08T10:10:46","modified_gmt":"2025-02-08T09:10:46","slug":"promo-pack-mondial","status":"publish","type":"product","link":"https:\/\/www.airysat.com\/actualites\/produit\/promo-pack-mondial\/","title":{"rendered":"PROMO PACK MONDIAL"},"content":{"rendered":"<p>Deux abonnements iptv avec, Toutes les cha\u00eenes mondiales, y compris fran\u00e7aises, sportives et g\u00e9n\u00e9ralistes, arabes, europ\u00e9ennes, asiatiques et latinos, sont incluses dans ce pack.<br \/>\nPour tous les appareils compatibles : Smart TV, Android, iOS, r\u00e9cepteurs HD, Windows&#8230; avec deux acc\u00e8s simultan\u00e9s pour deux appareils .<\/p>\n<p>PACK CHAINES FR et ARABE COMPLET EN HD et SD<\/p>\n<p>+de 20000 contenu de  :  Films &#038; SERIES, 1080P BLURAY, MULTILANGUE<\/p>\n<div class=\"sharelinks\" style=\"\">\n\t<a title=\"PROMO PACK MONDIAL\" rel=\"nofollow\" target=\"_blank\" href=\"http:\/\/www.facebook.com\/sharer.php?u=https:\/\/www.airysat.com\/actualites\/produit\/promo-pack-mondial\/\"><img loading=\"lazy\" decoding=\"async\" width=\"56\" height=\"20\" alt=\"facebook\" src=\"https:\/\/www.airysat.com\/actualites\/wp-content\/plugins\/facebook-google-twitter-share\/images\/facebook.png\"><\/a>\n\t<a title=\"PROMO PACK MONDIAL\" rel=\"nofollow\" target=\"_blank\" href=\"https:\/\/plus.google.com\/share?url=https:\/\/www.airysat.com\/actualites\/produit\/promo-pack-mondial\/\"><img loading=\"lazy\" decoding=\"async\" width=\"60\" height=\"20\" alt=\"google plus\" src=\"https:\/\/www.airysat.com\/actualites\/wp-content\/plugins\/facebook-google-twitter-share\/images\/googleplus.png\"><\/a>\n\t<a title=\"PROMO PACK MONDIAL\" Nagar\" rel=\"nofollow\" target=\"_blank\" href=\"http:\/\/twitter.com\/home?status=PROMO PACK MONDIAL https:\/\/www.airysat.com\/actualites\/produit\/promo-pack-mondial\/\"><img loading=\"lazy\" decoding=\"async\" width=\"70\" height=\"20\" alt=\"twitter\" src=\"https:\/\/www.airysat.com\/actualites\/wp-content\/plugins\/facebook-google-twitter-share\/images\/twitter.png\"><\/a>\n\t<\/div>","protected":false},"excerpt":{"rendered":"<p>Deux abonnements iptv avec, Toutes les cha\u00eenes mondiales, y compris fran\u00e7aises, sportives et g\u00e9n\u00e9ralistes, arabes, europ\u00e9ennes, asiatiques et latinos, sont incluses dans ce pack. Pour tous les appareils compatibles : Smart TV, Android, iOS,&#46;&#46;&#46;<\/p>\n","protected":false},"featured_media":3513,"comment_status":"open","ping_status":"closed","template":"","meta":[],"product_brand":[],"product_cat":[48],"product_tag":[],"class_list":{"0":"post-3512","1":"product","2":"type-product","3":"status-publish","4":"has-post-thumbnail","6":"product_cat-abonnement-tv","8":"first","9":"instock","10":"sale","11":"taxable","12":"shipping-taxable","13":"purchasable","14":"product-type-simple"},"_links":{"self":[{"href":"https:\/\/www.airysat.com\/actualites\/wp-json\/wp\/v2\/product\/3512"}],"collection":[{"href":"https:\/\/www.airysat.com\/actualites\/wp-json\/wp\/v2\/product"}],"about":[{"href":"https:\/\/www.airysat.com\/actualites\/wp-json\/wp\/v2\/types\/product"}],"replies":[{"embeddable":true,"href":"https:\/\/www.airysat.com\/actualites\/wp-json\/wp\/v2\/comments?post=3512"}],"wp:featuredmedia":[{"embeddable":true,"href":"https:\/\/www.airysat.com\/actualites\/wp-json\/wp\/v2\/media\/3513"}],"wp:attachment":[{"href":"https:\/\/www.airysat.com\/actualites\/wp-json\/wp\/v2\/media?parent=3512"}],"wp:term":[{"taxonomy":"product_brand","embeddable":true,"href":"https:\/\/www.airysat.com\/actualites\/wp-json\/wp\/v2\/product_brand?post=3512"},{"taxonomy":"product_cat","embeddable":true,"href":"https:\/\/www.airysat.com\/actualites\/wp-json\/wp\/v2\/product_cat?post=3512"},{"taxonomy":"product_tag","embeddable":true,"href":"https:\/\/www.airysat.com\/actualites\/wp-json\/wp\/v2\/product_tag?post=3512"}],"curies":[{"name":"wp","href":"https:\/\/api.w.org\/{rel}","templated":true}]}}